{"id":6,"date":"2022-11-28T12:01:08","date_gmt":"2022-11-28T10:01:08","guid":{"rendered":"https:\/\/www.cepiscopal.org\/botiga\/cistella\/"},"modified":"2024-12-17T21:10:49","modified_gmt":"2024-12-17T19:10:49","slug":"cistella","status":"publish","type":"page","link":"https:\/\/www.cepiscopal.org\/online\/acces\/cistella\/","title":{"rendered":"Cistella"},"content":{"rendered":"\t\t<div data-elementor-type=\"wp-page\" data-elementor-id=\"6\" class=\"elementor elementor-6\" data-elementor-post-type=\"page\">\n\t\t\t\t<div class=\"elementor-element elementor-element-310db06 e-flex e-con-boxed e-con e-parent\" data-id=\"310db06\" data-element_type=\"container\" data-e-type=\"container\">\n\t\t\t\t\t<div class=\"e-con-inner\">\n\t\t\t\t<div class=\"elementor-element elementor-element-2a38ed1 elementor-widget elementor-widget-woocommerce-breadcrumb\" data-id=\"2a38ed1\" data-element_type=\"widget\" data-e-type=\"widget\" data-widget_type=\"woocommerce-breadcrumb.default\">\n\t\t\t\t<div class=\"elementor-widget-container\">\n\t\t\t\t\t<nav class=\"woocommerce-breadcrumb\" aria-label=\"Breadcrumb\">Inici<\/nav>\t\t\t\t<\/div>\n\t\t\t\t<\/div>\n\t\t\t\t\t<\/div>\n\t\t\t\t<\/div>\n\t\t<div data-dce-background-overlay-color=\"#7A7A7A1F\" class=\"elementor-element elementor-element-230262b e-flex e-con-boxed e-con e-parent\" data-id=\"230262b\" data-element_type=\"container\" data-e-type=\"container\">\n\t\t\t\t\t<div class=\"e-con-inner\">\n\t\t<div class=\"elementor-element elementor-element-83b8034 e-flex e-con-boxed elementor-invisible e-con e-child\" data-id=\"83b8034\" data-element_type=\"container\" data-e-type=\"container\" data-settings=\"{&quot;animation&quot;:&quot;fadeIn&quot;}\">\n\t\t\t\t\t<div class=\"e-con-inner\">\n\t\t<div class=\"elementor-element elementor-element-444541c e-flex e-con-boxed e-con e-child\" data-id=\"444541c\" data-element_type=\"container\" data-e-type=\"container\">\n\t\t\t\t\t<div class=\"e-con-inner\">\n\t\t\t\t<div class=\"elementor-element elementor-element-7f18c57 elementor-widget__width-inherit elementor-invisible elementor-widget elementor-widget-heading\" data-id=\"7f18c57\" data-element_type=\"widget\" data-e-type=\"widget\" data-settings=\"{&quot;_animation&quot;:&quot;fadeIn&quot;}\" data-widget_type=\"heading.default\">\n\t\t\t\t<div class=\"elementor-widget-container\">\n\t\t\t\t\t<h2 class=\"elementor-heading-title elementor-size-default\">LA TEVA CISTELLA<\/h2>\t\t\t\t<\/div>\n\t\t\t\t<\/div>\n\t\t\t\t<div data-dce-title-color=\"#00A5FF\" class=\"elementor-element elementor-element-e1d0d7b elementor-widget elementor-widget-heading\" data-id=\"e1d0d7b\" data-element_type=\"widget\" data-e-type=\"widget\" data-widget_type=\"heading.default\">\n\t\t\t\t<div class=\"elementor-widget-container\">\n\t\t\t\t\t<h2 class=\"elementor-heading-title elementor-size-default\">REVISA LA COMANDA<\/h2>\t\t\t\t<\/div>\n\t\t\t\t<\/div>\n\t\t\t\t\t<\/div>\n\t\t\t\t<\/div>\n\t\t\t\t\t<\/div>\n\t\t\t\t<\/div>\n\t\t\t\t\t<\/div>\n\t\t\t\t<\/div>\n\t\t<div class=\"elementor-element elementor-element-18db7cb e-flex e-con-boxed e-con e-parent\" data-id=\"18db7cb\" data-element_type=\"container\" data-e-type=\"container\">\n\t\t\t\t\t<div class=\"e-con-inner\">\n\t\t\t\t\t<\/div>\n\t\t\t\t<\/div>\n\t\t\t\t<\/div>\n\t\t","protected":false},"excerpt":{"rendered":"<p>LA TEVA CISTELLA REVISA LA COMANDA Suprimeix l&#039;article Imatge en miniatura Producte Preu Quantitat Subtotal &times; Nataci\u00f3 Adults 1 107.00&nbsp;&euro; quantitat de Nataci\u00f3 Adults 1 107.00&nbsp;&euro; &times; Nataci\u00f3 Esportiva 3 107.00&nbsp;&euro; quantitat de Nataci\u00f3 Esportiva 3 107.00&nbsp;&euro; Total cistella Subtotal 214.00&nbsp;&euro; Total 214.00&nbsp;&euro; Finalitza la compra<\/p>\n","protected":false},"author":1,"featured_media":0,"parent":58483,"menu_order":0,"comment_status":"closed","ping_status":"closed","template":"","meta":{"footnotes":""},"class_list":["post-6","page","type-page","status-publish","hentry"],"_links":{"self":[{"href":"https:\/\/www.cepiscopal.org\/online\/wp-json\/wp\/v2\/pages\/6","targetHints":{"allow":["GET"]}}],"collection":[{"href":"https:\/\/www.cepiscopal.org\/online\/wp-json\/wp\/v2\/pages"}],"about":[{"href":"https:\/\/www.cepiscopal.org\/online\/wp-json\/wp\/v2\/types\/page"}],"author":[{"embeddable":true,"href":"https:\/\/www.cepiscopal.org\/online\/wp-json\/wp\/v2\/users\/1"}],"replies":[{"embeddable":true,"href":"https:\/\/www.cepiscopal.org\/online\/wp-json\/wp\/v2\/comments?post=6"}],"version-history":[{"count":6,"href":"https:\/\/www.cepiscopal.org\/online\/wp-json\/wp\/v2\/pages\/6\/revisions"}],"predecessor-version":[{"id":63223,"href":"https:\/\/www.cepiscopal.org\/online\/wp-json\/wp\/v2\/pages\/6\/revisions\/63223"}],"up":[{"embeddable":true,"href":"https:\/\/www.cepiscopal.org\/online\/wp-json\/wp\/v2\/pages\/58483"}],"wp:attachment":[{"href":"https:\/\/www.cepiscopal.org\/online\/wp-json\/wp\/v2\/media?parent=6"}],"curies":[{"name":"wp","href":"https:\/\/api.w.org\/{rel}","templated":true}]}}