{"id":58388,"date":"2022-11-30T18:25:41","date_gmt":"2022-11-30T16:25:41","guid":{"rendered":"https:\/\/www.cepiscopal.org\/botiga\/?post_type=product&#038;p=58388"},"modified":"2023-11-30T16:16:06","modified_gmt":"2023-11-30T14:16:06","slug":"aquatlo-dilluns-i-dimecres","status":"publish","type":"product","link":"https:\/\/www.cepiscopal.org\/online\/producte\/aquatlo-dilluns-i-dimecres\/","title":{"rendered":"Aquatl\u00f3 1"},"content":{"rendered":"<p>Activitat per a desenvolupar t\u00e8cniques esportives de diferents disciplines com la nataci\u00f3 i la carrera.<\/p>\n","protected":false},"excerpt":{"rendered":"<p>Dilluns i dimecres, de 7.15 h a 8.05 h.<\/p>\n","protected":false},"featured_media":60977,"template":"","meta":[],"product_brand":[],"product_cat":[31,23],"product_tag":[],"class_list":{"0":"post-58388","1":"product","2":"type-product","3":"status-publish","4":"has-post-thumbnail","6":"product_cat-06-aquatlo","7":"product_cat-programa-dactivitats-de-piscina","9":"first","10":"instock","11":"downloadable","12":"virtual","13":"sold-individually","14":"purchasable","15":"product-type-simple"},"_links":{"self":[{"href":"https:\/\/www.cepiscopal.org\/online\/wp-json\/wp\/v2\/product\/58388","targetHints":{"allow":["GET"]}}],"collection":[{"href":"https:\/\/www.cepiscopal.org\/online\/wp-json\/wp\/v2\/product"}],"about":[{"href":"https:\/\/www.cepiscopal.org\/online\/wp-json\/wp\/v2\/types\/product"}],"wp:featuredmedia":[{"embeddable":true,"href":"https:\/\/www.cepiscopal.org\/online\/wp-json\/wp\/v2\/media\/60977"}],"wp:attachment":[{"href":"https:\/\/www.cepiscopal.org\/online\/wp-json\/wp\/v2\/media?parent=58388"}],"wp:term":[{"taxonomy":"product_brand","embeddable":true,"href":"https:\/\/www.cepiscopal.org\/online\/wp-json\/wp\/v2\/product_brand?post=58388"},{"taxonomy":"product_cat","embeddable":true,"href":"https:\/\/www.cepiscopal.org\/online\/wp-json\/wp\/v2\/product_cat?post=58388"},{"taxonomy":"product_tag","embeddable":true,"href":"https:\/\/www.cepiscopal.org\/online\/wp-json\/wp\/v2\/product_tag?post=58388"}],"curies":[{"name":"wp","href":"https:\/\/api.w.org\/{rel}","templated":true}]}}