{"id":59755,"date":"2023-03-06T11:25:44","date_gmt":"2023-03-06T09:25:44","guid":{"rendered":"https:\/\/www.cepiscopal.org\/online\/?post_type=product&#038;p=59755"},"modified":"2023-05-08T09:28:21","modified_gmt":"2023-05-08T07:28:21","slug":"natacio-nadons-3","status":"publish","type":"product","link":"https:\/\/www.cepiscopal.org\/online\/producte\/natacio-nadons-3\/","title":{"rendered":"Nataci\u00f3 Nadons 3"},"content":{"rendered":"<p><strong>Des 2 a 3 anys.<\/strong><\/p>\n<p>Amb l\u2019objectiu de fer una adaptaci\u00f3 al medi aqu\u00e0tic a trav\u00e9s del joc, que permet desenvolupar l\u2019aspecte motriu i afectiu de l\u2019infant, afavorint la relaci\u00f3 i la comunicaci\u00f3 entre pares-mares i infants, doncs s\u00f3n els adults qui els acompanyen en el seu proc\u00e9s d\u2019aprenentatge.<\/p>\n","protected":false},"excerpt":{"rendered":"<p>Dissabte, de 10.00 a 10.50 h.<\/p>\n","protected":false},"featured_media":58289,"template":"","meta":[],"product_brand":[],"product_cat":[39,38],"product_tag":[],"class_list":{"0":"post-59755","1":"product","2":"type-product","3":"status-publish","4":"has-post-thumbnail","6":"product_cat-01-natacio-nadons-3t","7":"product_cat-programa-dactivitats-piscicna-3t","9":"first","10":"outofstock","11":"downloadable","12":"virtual","13":"sold-individually","14":"purchasable","15":"product-type-simple"},"_links":{"self":[{"href":"https:\/\/www.cepiscopal.org\/online\/wp-json\/wp\/v2\/product\/59755","targetHints":{"allow":["GET"]}}],"collection":[{"href":"https:\/\/www.cepiscopal.org\/online\/wp-json\/wp\/v2\/product"}],"about":[{"href":"https:\/\/www.cepiscopal.org\/online\/wp-json\/wp\/v2\/types\/product"}],"wp:featuredmedia":[{"embeddable":true,"href":"https:\/\/www.cepiscopal.org\/online\/wp-json\/wp\/v2\/media\/58289"}],"wp:attachment":[{"href":"https:\/\/www.cepiscopal.org\/online\/wp-json\/wp\/v2\/media?parent=59755"}],"wp:term":[{"taxonomy":"product_brand","embeddable":true,"href":"https:\/\/www.cepiscopal.org\/online\/wp-json\/wp\/v2\/product_brand?post=59755"},{"taxonomy":"product_cat","embeddable":true,"href":"https:\/\/www.cepiscopal.org\/online\/wp-json\/wp\/v2\/product_cat?post=59755"},{"taxonomy":"product_tag","embeddable":true,"href":"https:\/\/www.cepiscopal.org\/online\/wp-json\/wp\/v2\/product_tag?post=59755"}],"curies":[{"name":"wp","href":"https:\/\/api.w.org\/{rel}","templated":true}]}}