{"id":59764,"date":"2023-03-06T11:27:53","date_gmt":"2023-03-06T09:27:53","guid":{"rendered":"https:\/\/www.cepiscopal.org\/online\/?post_type=product&#038;p=59764"},"modified":"2023-03-25T12:19:21","modified_gmt":"2023-03-25T10:19:21","slug":"natacio-esportiva-2","status":"publish","type":"product","link":"https:\/\/www.cepiscopal.org\/online\/producte\/natacio-esportiva-2\/","title":{"rendered":"Nataci\u00f3 Esportiva 2"},"content":{"rendered":"<p><strong>Des 7 a 16 anys.<\/strong><\/p>\n<p>Activitat orientada a millorar el domini dels 4 estils de nataci\u00f3 i les seves habilitats espec\u00edfiques. Adre\u00e7at a infants i joves que volen iniciar-se en el m\u00f3n de la competici\u00f3 fent aquest entrenament espec\u00edfic. Nens que naden 25 metres amb autonomia.<\/p>\n","protected":false},"excerpt":{"rendered":"<p>Divendres, de 19.30 h a 20.20 h.<\/p>\n","protected":false},"featured_media":58376,"template":"","meta":[],"product_brand":[],"product_cat":[42,38],"product_tag":[],"class_list":{"0":"post-59764","1":"product","2":"type-product","3":"status-publish","4":"has-post-thumbnail","6":"product_cat-03-natacio-esportiva-3t","7":"product_cat-programa-dactivitats-piscicna-3t","9":"first","10":"outofstock","11":"downloadable","12":"virtual","13":"sold-individually","14":"purchasable","15":"product-type-simple"},"_links":{"self":[{"href":"https:\/\/www.cepiscopal.org\/online\/wp-json\/wp\/v2\/product\/59764","targetHints":{"allow":["GET"]}}],"collection":[{"href":"https:\/\/www.cepiscopal.org\/online\/wp-json\/wp\/v2\/product"}],"about":[{"href":"https:\/\/www.cepiscopal.org\/online\/wp-json\/wp\/v2\/types\/product"}],"wp:featuredmedia":[{"embeddable":true,"href":"https:\/\/www.cepiscopal.org\/online\/wp-json\/wp\/v2\/media\/58376"}],"wp:attachment":[{"href":"https:\/\/www.cepiscopal.org\/online\/wp-json\/wp\/v2\/media?parent=59764"}],"wp:term":[{"taxonomy":"product_brand","embeddable":true,"href":"https:\/\/www.cepiscopal.org\/online\/wp-json\/wp\/v2\/product_brand?post=59764"},{"taxonomy":"product_cat","embeddable":true,"href":"https:\/\/www.cepiscopal.org\/online\/wp-json\/wp\/v2\/product_cat?post=59764"},{"taxonomy":"product_tag","embeddable":true,"href":"https:\/\/www.cepiscopal.org\/online\/wp-json\/wp\/v2\/product_tag?post=59764"}],"curies":[{"name":"wp","href":"https:\/\/api.w.org\/{rel}","templated":true}]}}