{"id":59766,"date":"2023-03-06T11:27:55","date_gmt":"2023-03-06T09:27:55","guid":{"rendered":"https:\/\/www.cepiscopal.org\/online\/?post_type=product&#038;p=59766"},"modified":"2023-03-28T08:57:01","modified_gmt":"2023-03-28T06:57:01","slug":"natacio-adults-2","status":"publish","type":"product","link":"https:\/\/www.cepiscopal.org\/online\/producte\/natacio-adults-2\/","title":{"rendered":"Nataci\u00f3 Adults 2"},"content":{"rendered":"<p><strong>Des de 16 anys.<\/strong><\/p>\n<p>Programa d\u2019activitat aqu\u00e0tica general, en el qual el principal objectiu \u00e9s el benestar f\u00edsic i la condici\u00f3 f\u00edsica mitjan\u00e7ant els estils de nataci\u00f3.<\/p>\n","protected":false},"excerpt":{"rendered":"<p>Dilluns i dimecres, de 19.30 h a 20.20 h.<\/p>\n","protected":false},"featured_media":58368,"template":"","meta":[],"product_brand":[],"product_cat":[43,38],"product_tag":[],"class_list":{"0":"post-59766","1":"product","2":"type-product","3":"status-publish","4":"has-post-thumbnail","6":"product_cat-04-natacio-adults-3t","7":"product_cat-programa-dactivitats-piscicna-3t","9":"first","10":"outofstock","11":"downloadable","12":"virtual","13":"sold-individually","14":"purchasable","15":"product-type-simple"},"_links":{"self":[{"href":"https:\/\/www.cepiscopal.org\/online\/wp-json\/wp\/v2\/product\/59766","targetHints":{"allow":["GET"]}}],"collection":[{"href":"https:\/\/www.cepiscopal.org\/online\/wp-json\/wp\/v2\/product"}],"about":[{"href":"https:\/\/www.cepiscopal.org\/online\/wp-json\/wp\/v2\/types\/product"}],"wp:featuredmedia":[{"embeddable":true,"href":"https:\/\/www.cepiscopal.org\/online\/wp-json\/wp\/v2\/media\/58368"}],"wp:attachment":[{"href":"https:\/\/www.cepiscopal.org\/online\/wp-json\/wp\/v2\/media?parent=59766"}],"wp:term":[{"taxonomy":"product_brand","embeddable":true,"href":"https:\/\/www.cepiscopal.org\/online\/wp-json\/wp\/v2\/product_brand?post=59766"},{"taxonomy":"product_cat","embeddable":true,"href":"https:\/\/www.cepiscopal.org\/online\/wp-json\/wp\/v2\/product_cat?post=59766"},{"taxonomy":"product_tag","embeddable":true,"href":"https:\/\/www.cepiscopal.org\/online\/wp-json\/wp\/v2\/product_tag?post=59766"}],"curies":[{"name":"wp","href":"https:\/\/api.w.org\/{rel}","templated":true}]}}