{"id":60897,"date":"2023-11-29T11:11:08","date_gmt":"2023-11-29T09:11:08","guid":{"rendered":"https:\/\/www.cepiscopal.org\/online\/?post_type=product&#038;p=60897"},"modified":"2024-03-18T14:56:54","modified_gmt":"2024-03-18T12:56:54","slug":"natacio-nadons-2-3","status":"publish","type":"product","link":"https:\/\/www.cepiscopal.org\/online\/producte\/natacio-nadons-2-3\/","title":{"rendered":"Nataci\u00f3 Nadons 2"},"content":{"rendered":"<p>Amb l\u2019objectiu de fer una adaptaci\u00f3 al medi aqu\u00e0tic a trav\u00e9s del joc, que permet desenvolupar l\u2019aspecte motriu i afectiu de l\u2019infant, afavorint la relaci\u00f3 i la comunicaci\u00f3 entre pares-mares i infants, doncs s\u00f3n els adults qui els acompanyen en el seu proc\u00e9s d\u2019aprenentatge.<\/p>\n","protected":false},"excerpt":{"rendered":"<p>Dimecres, de 17.15 a 18.05 h.<\/p>\n","protected":false},"featured_media":58289,"template":"","meta":[],"product_brand":[],"product_cat":[65,63],"product_tag":[],"class_list":{"0":"post-60897","1":"product","2":"type-product","3":"status-publish","4":"has-post-thumbnail","6":"product_cat-01-natacio-nadons-2t-2023-2024","7":"product_cat-programa-dactivitats-de-piscina-2t-2023-2024","9":"first","10":"instock","11":"downloadable","12":"virtual","13":"sold-individually","14":"purchasable","15":"product-type-simple"},"_links":{"self":[{"href":"https:\/\/www.cepiscopal.org\/online\/wp-json\/wp\/v2\/product\/60897","targetHints":{"allow":["GET"]}}],"collection":[{"href":"https:\/\/www.cepiscopal.org\/online\/wp-json\/wp\/v2\/product"}],"about":[{"href":"https:\/\/www.cepiscopal.org\/online\/wp-json\/wp\/v2\/types\/product"}],"wp:featuredmedia":[{"embeddable":true,"href":"https:\/\/www.cepiscopal.org\/online\/wp-json\/wp\/v2\/media\/58289"}],"wp:attachment":[{"href":"https:\/\/www.cepiscopal.org\/online\/wp-json\/wp\/v2\/media?parent=60897"}],"wp:term":[{"taxonomy":"product_brand","embeddable":true,"href":"https:\/\/www.cepiscopal.org\/online\/wp-json\/wp\/v2\/product_brand?post=60897"},{"taxonomy":"product_cat","embeddable":true,"href":"https:\/\/www.cepiscopal.org\/online\/wp-json\/wp\/v2\/product_cat?post=60897"},{"taxonomy":"product_tag","embeddable":true,"href":"https:\/\/www.cepiscopal.org\/online\/wp-json\/wp\/v2\/product_tag?post=60897"}],"curies":[{"name":"wp","href":"https:\/\/api.w.org\/{rel}","templated":true}]}}