{"id":60913,"date":"2023-11-30T09:30:58","date_gmt":"2023-11-30T07:30:58","guid":{"rendered":"https:\/\/www.cepiscopal.org\/online\/?post_type=product&#038;p=60913"},"modified":"2023-12-24T17:06:23","modified_gmt":"2023-12-24T15:06:23","slug":"natacio-adults-4-3","status":"publish","type":"product","link":"https:\/\/www.cepiscopal.org\/online\/producte\/natacio-adults-4-3\/","title":{"rendered":"Nataci\u00f3 Adults 4"},"content":{"rendered":"<p><strong>Des de 16 anys.<\/strong><\/p>\n<p>Programa d\u2019activitat aqu\u00e0tica general, en el qual el principal objectiu \u00e9s el benestar f\u00edsic i la condici\u00f3 f\u00edsica mitjan\u00e7ant els estils de nataci\u00f3.<\/p>\n","protected":false},"excerpt":{"rendered":"<p>Dimecres i divendres, de 16.15 h a 17.05 h.<\/p>\n","protected":false},"featured_media":58368,"template":"","meta":[],"product_brand":[],"product_cat":[68,63],"product_tag":[],"class_list":{"0":"post-60913","1":"product","2":"type-product","3":"status-publish","4":"has-post-thumbnail","6":"product_cat-04-natacio-adults-2t-2023-2024","7":"product_cat-programa-dactivitats-de-piscina-2t-2023-2024","9":"first","10":"instock","11":"downloadable","12":"virtual","13":"sold-individually","14":"purchasable","15":"product-type-simple"},"_links":{"self":[{"href":"https:\/\/www.cepiscopal.org\/online\/wp-json\/wp\/v2\/product\/60913","targetHints":{"allow":["GET"]}}],"collection":[{"href":"https:\/\/www.cepiscopal.org\/online\/wp-json\/wp\/v2\/product"}],"about":[{"href":"https:\/\/www.cepiscopal.org\/online\/wp-json\/wp\/v2\/types\/product"}],"wp:featuredmedia":[{"embeddable":true,"href":"https:\/\/www.cepiscopal.org\/online\/wp-json\/wp\/v2\/media\/58368"}],"wp:attachment":[{"href":"https:\/\/www.cepiscopal.org\/online\/wp-json\/wp\/v2\/media?parent=60913"}],"wp:term":[{"taxonomy":"product_brand","embeddable":true,"href":"https:\/\/www.cepiscopal.org\/online\/wp-json\/wp\/v2\/product_brand?post=60913"},{"taxonomy":"product_cat","embeddable":true,"href":"https:\/\/www.cepiscopal.org\/online\/wp-json\/wp\/v2\/product_cat?post=60913"},{"taxonomy":"product_tag","embeddable":true,"href":"https:\/\/www.cepiscopal.org\/online\/wp-json\/wp\/v2\/product_tag?post=60913"}],"curies":[{"name":"wp","href":"https:\/\/api.w.org\/{rel}","templated":true}]}}