{"id":60914,"date":"2023-11-30T09:34:34","date_gmt":"2023-11-30T07:34:34","guid":{"rendered":"https:\/\/www.cepiscopal.org\/online\/?post_type=product&#038;p=60914"},"modified":"2024-02-08T16:21:18","modified_gmt":"2024-02-08T14:21:18","slug":"natacio-esportiva-1-3","status":"publish","type":"product","link":"https:\/\/www.cepiscopal.org\/online\/producte\/natacio-esportiva-1-3\/","title":{"rendered":"Nataci\u00f3 Esportiva 1"},"content":{"rendered":"<p><strong>Des 7 a 16 anys.<\/strong><\/p>\n<p>Activitat orientada a millorar el domini dels 4 estils de nataci\u00f3 i les seves habilitats espec\u00edfiques. Adre\u00e7at a infants i joves que volen iniciar-se en el m\u00f3n de la competici\u00f3 fent aquest entrenament espec\u00edfic. Nens que naden 25 metres amb autonomia.<\/p>\n","protected":false},"excerpt":{"rendered":"<p>Dimarts i dijous, de 18.30 h a 19.20 h.<\/p>\n","protected":false},"featured_media":58376,"template":"","meta":[],"product_brand":[],"product_cat":[67,63],"product_tag":[],"class_list":{"0":"post-60914","1":"product","2":"type-product","3":"status-publish","4":"has-post-thumbnail","6":"product_cat-03-natacio-esportiva-2t-2023-2024","7":"product_cat-programa-dactivitats-de-piscina-2t-2023-2024","9":"first","10":"instock","11":"downloadable","12":"virtual","13":"sold-individually","14":"purchasable","15":"product-type-simple"},"_links":{"self":[{"href":"https:\/\/www.cepiscopal.org\/online\/wp-json\/wp\/v2\/product\/60914","targetHints":{"allow":["GET"]}}],"collection":[{"href":"https:\/\/www.cepiscopal.org\/online\/wp-json\/wp\/v2\/product"}],"about":[{"href":"https:\/\/www.cepiscopal.org\/online\/wp-json\/wp\/v2\/types\/product"}],"wp:featuredmedia":[{"embeddable":true,"href":"https:\/\/www.cepiscopal.org\/online\/wp-json\/wp\/v2\/media\/58376"}],"wp:attachment":[{"href":"https:\/\/www.cepiscopal.org\/online\/wp-json\/wp\/v2\/media?parent=60914"}],"wp:term":[{"taxonomy":"product_brand","embeddable":true,"href":"https:\/\/www.cepiscopal.org\/online\/wp-json\/wp\/v2\/product_brand?post=60914"},{"taxonomy":"product_cat","embeddable":true,"href":"https:\/\/www.cepiscopal.org\/online\/wp-json\/wp\/v2\/product_cat?post=60914"},{"taxonomy":"product_tag","embeddable":true,"href":"https:\/\/www.cepiscopal.org\/online\/wp-json\/wp\/v2\/product_tag?post=60914"}],"curies":[{"name":"wp","href":"https:\/\/api.w.org\/{rel}","templated":true}]}}