{"id":60916,"date":"2023-11-30T09:35:31","date_gmt":"2023-11-30T07:35:31","guid":{"rendered":"https:\/\/www.cepiscopal.org\/online\/?post_type=product&#038;p=60916"},"modified":"2024-01-09T16:16:35","modified_gmt":"2024-01-09T14:16:35","slug":"aquatlo-1-3","status":"publish","type":"product","link":"https:\/\/www.cepiscopal.org\/online\/producte\/aquatlo-1-3\/","title":{"rendered":"Aquatl\u00f3 1"},"content":{"rendered":"<p>Activitat per a desenvolupar t\u00e8cniques esportives de diferents disciplines com la nataci\u00f3 i la carrera.<\/p>\n","protected":false},"excerpt":{"rendered":"<p>Dilluns i dimecres, de 7.15 h a 8.05 h.<\/p>\n","protected":false},"featured_media":60977,"template":"","meta":[],"product_brand":[],"product_cat":[70,63],"product_tag":[],"class_list":{"0":"post-60916","1":"product","2":"type-product","3":"status-publish","4":"has-post-thumbnail","6":"product_cat-06-aquatlo-2t-2023-2024","7":"product_cat-programa-dactivitats-de-piscina-2t-2023-2024","9":"first","10":"instock","11":"downloadable","12":"virtual","13":"sold-individually","14":"purchasable","15":"product-type-simple"},"_links":{"self":[{"href":"https:\/\/www.cepiscopal.org\/online\/wp-json\/wp\/v2\/product\/60916","targetHints":{"allow":["GET"]}}],"collection":[{"href":"https:\/\/www.cepiscopal.org\/online\/wp-json\/wp\/v2\/product"}],"about":[{"href":"https:\/\/www.cepiscopal.org\/online\/wp-json\/wp\/v2\/types\/product"}],"wp:featuredmedia":[{"embeddable":true,"href":"https:\/\/www.cepiscopal.org\/online\/wp-json\/wp\/v2\/media\/60977"}],"wp:attachment":[{"href":"https:\/\/www.cepiscopal.org\/online\/wp-json\/wp\/v2\/media?parent=60916"}],"wp:term":[{"taxonomy":"product_brand","embeddable":true,"href":"https:\/\/www.cepiscopal.org\/online\/wp-json\/wp\/v2\/product_brand?post=60916"},{"taxonomy":"product_cat","embeddable":true,"href":"https:\/\/www.cepiscopal.org\/online\/wp-json\/wp\/v2\/product_cat?post=60916"},{"taxonomy":"product_tag","embeddable":true,"href":"https:\/\/www.cepiscopal.org\/online\/wp-json\/wp\/v2\/product_tag?post=60916"}],"curies":[{"name":"wp","href":"https:\/\/api.w.org\/{rel}","templated":true}]}}