{"id":62234,"date":"2024-09-11T18:42:27","date_gmt":"2024-09-11T16:42:27","guid":{"rendered":"https:\/\/www.cepiscopal.org\/online\/?post_type=product&#038;p=62234"},"modified":"2026-01-08T17:51:42","modified_gmt":"2026-01-08T15:51:42","slug":"natacio-adults-4-iniciacio","status":"publish","type":"product","link":"https:\/\/www.cepiscopal.org\/online\/producte\/natacio-adults-4-iniciacio\/","title":{"rendered":"Nataci\u00f3 Adults 4. INICIACI\u00d3"},"content":{"rendered":"<p><strong>Des de 16 anys.<\/strong><\/p>\n<p>Programa d\u2019activitat aqu\u00e0tica general, en el qual el principal objectiu \u00e9s el benestar f\u00edsic i la condici\u00f3 f\u00edsica mitjan\u00e7ant els estils de nataci\u00f3.<\/p>\n","protected":false},"excerpt":{"rendered":"<p>Dimecres i divendres, de 16.15 h a 17.05 h.<\/p>\n","protected":false},"featured_media":62259,"template":"","meta":[],"product_brand":[],"product_cat":[94,161,90],"product_tag":[],"class_list":{"0":"post-62234","1":"product","2":"type-product","3":"status-publish","4":"has-post-thumbnail","6":"product_cat-04-natacio-adults-1t-programa-dactivitats-de-piscina-1t-2024-2025","7":"product_cat-activitats-piscina","8":"product_cat-programa-dactivitats-de-piscina-1t-2024-2025","10":"first","11":"outofstock","12":"downloadable","13":"virtual","14":"sold-individually","15":"purchasable","16":"product-type-simple"},"_links":{"self":[{"href":"https:\/\/www.cepiscopal.org\/online\/wp-json\/wp\/v2\/product\/62234","targetHints":{"allow":["GET"]}}],"collection":[{"href":"https:\/\/www.cepiscopal.org\/online\/wp-json\/wp\/v2\/product"}],"about":[{"href":"https:\/\/www.cepiscopal.org\/online\/wp-json\/wp\/v2\/types\/product"}],"wp:featuredmedia":[{"embeddable":true,"href":"https:\/\/www.cepiscopal.org\/online\/wp-json\/wp\/v2\/media\/62259"}],"wp:attachment":[{"href":"https:\/\/www.cepiscopal.org\/online\/wp-json\/wp\/v2\/media?parent=62234"}],"wp:term":[{"taxonomy":"product_brand","embeddable":true,"href":"https:\/\/www.cepiscopal.org\/online\/wp-json\/wp\/v2\/product_brand?post=62234"},{"taxonomy":"product_cat","embeddable":true,"href":"https:\/\/www.cepiscopal.org\/online\/wp-json\/wp\/v2\/product_cat?post=62234"},{"taxonomy":"product_tag","embeddable":true,"href":"https:\/\/www.cepiscopal.org\/online\/wp-json\/wp\/v2\/product_tag?post=62234"}],"curies":[{"name":"wp","href":"https:\/\/api.w.org\/{rel}","templated":true}]}}