{"id":62243,"date":"2024-09-11T18:43:00","date_gmt":"2024-09-11T16:43:00","guid":{"rendered":"https:\/\/www.cepiscopal.org\/online\/?post_type=product&#038;p=62243"},"modified":"2026-01-08T17:51:42","modified_gmt":"2026-01-08T15:51:42","slug":"abonament-10-sessions-3","status":"publish","type":"product","link":"https:\/\/www.cepiscopal.org\/online\/producte\/abonament-10-sessions-3\/","title":{"rendered":"Abonament 10 sessions"},"content":{"rendered":"<p>Abonament v\u00e0lid per a 10 sessions de bany lliure a la piscina. Es podr\u00e0 recollir a la recepci\u00f3 de la piscina un cop s&#8217;hagi formalitzat la inscripci\u00f3.<\/p>\n","protected":false},"excerpt":{"rendered":"<p>Abonament v\u00e0lid per a 10 sessions de bany lliure a la piscina. Es podr\u00e0 recollir a la recepci\u00f3 de la piscina un cop s&#8217;hagi formalitzat la inscripci\u00f3.<\/p>\n","protected":false},"featured_media":60928,"template":"","meta":[],"product_brand":[],"product_cat":[101,150,161,90,130],"product_tag":[],"class_list":{"0":"post-62243","1":"product","2":"type-product","3":"status-publish","4":"has-post-thumbnail","6":"product_cat-08-sessions-de-bany-lliure-1t-2024-2025","7":"product_cat-08-sessions-de-bany-lliure-1t-2025-2026","8":"product_cat-activitats-piscina","9":"product_cat-programa-dactivitats-de-piscina-1t-2024-2025","10":"product_cat-programa-dactivitats-de-piscina-1t-2025-2026","12":"first","13":"instock","14":"downloadable","15":"virtual","16":"sold-individually","17":"purchasable","18":"product-type-simple"},"_links":{"self":[{"href":"https:\/\/www.cepiscopal.org\/online\/wp-json\/wp\/v2\/product\/62243","targetHints":{"allow":["GET"]}}],"collection":[{"href":"https:\/\/www.cepiscopal.org\/online\/wp-json\/wp\/v2\/product"}],"about":[{"href":"https:\/\/www.cepiscopal.org\/online\/wp-json\/wp\/v2\/types\/product"}],"wp:featuredmedia":[{"embeddable":true,"href":"https:\/\/www.cepiscopal.org\/online\/wp-json\/wp\/v2\/media\/60928"}],"wp:attachment":[{"href":"https:\/\/www.cepiscopal.org\/online\/wp-json\/wp\/v2\/media?parent=62243"}],"wp:term":[{"taxonomy":"product_brand","embeddable":true,"href":"https:\/\/www.cepiscopal.org\/online\/wp-json\/wp\/v2\/product_brand?post=62243"},{"taxonomy":"product_cat","embeddable":true,"href":"https:\/\/www.cepiscopal.org\/online\/wp-json\/wp\/v2\/product_cat?post=62243"},{"taxonomy":"product_tag","embeddable":true,"href":"https:\/\/www.cepiscopal.org\/online\/wp-json\/wp\/v2\/product_tag?post=62243"}],"curies":[{"name":"wp","href":"https:\/\/api.w.org\/{rel}","templated":true}]}}