{"id":63646,"date":"2025-03-06T14:13:43","date_gmt":"2025-03-06T12:13:43","guid":{"rendered":"https:\/\/www.cepiscopal.org\/online\/?post_type=product&#038;p=63646"},"modified":"2026-01-08T17:51:40","modified_gmt":"2026-01-08T15:51:40","slug":"carnet-pares-i-mares-c-marc-juny-2025","status":"publish","type":"product","link":"https:\/\/www.cepiscopal.org\/online\/producte\/carnet-pares-i-mares-c-marc-juny-2025\/","title":{"rendered":"Carnet pares i mares C (mar\u00e7-juny 2025)"},"content":{"rendered":"<p>Abonament anual v\u00e0lid per al per\u00edode de gener a juny de bany lliure a la piscina per a pares i mares. Es podr\u00e0 recollir a la recepci\u00f3 de la piscina un cop s&#8217;hagi formalitzat la inscripci\u00f3.<\/p>\n","protected":false},"excerpt":{"rendered":"<p>Abonament anual v\u00e0lid per al per\u00edode de gener a juny de bany lliure a la piscina per a pares i mares. Es podr\u00e0 recollir a la recepci\u00f3 de la piscina un cop s&#8217;hagi formalitzat la inscripci\u00f3.<\/p>\n","protected":false},"featured_media":60932,"template":"","meta":[],"product_brand":[],"product_cat":[101,161,90],"product_tag":[],"class_list":{"0":"post-63646","1":"product","2":"type-product","3":"status-publish","4":"has-post-thumbnail","6":"product_cat-08-sessions-de-bany-lliure-1t-2024-2025","7":"product_cat-activitats-piscina","8":"product_cat-programa-dactivitats-de-piscina-1t-2024-2025","10":"first","11":"instock","12":"downloadable","13":"virtual","14":"sold-individually","15":"purchasable","16":"product-type-simple"},"_links":{"self":[{"href":"https:\/\/www.cepiscopal.org\/online\/wp-json\/wp\/v2\/product\/63646","targetHints":{"allow":["GET"]}}],"collection":[{"href":"https:\/\/www.cepiscopal.org\/online\/wp-json\/wp\/v2\/product"}],"about":[{"href":"https:\/\/www.cepiscopal.org\/online\/wp-json\/wp\/v2\/types\/product"}],"wp:featuredmedia":[{"embeddable":true,"href":"https:\/\/www.cepiscopal.org\/online\/wp-json\/wp\/v2\/media\/60932"}],"wp:attachment":[{"href":"https:\/\/www.cepiscopal.org\/online\/wp-json\/wp\/v2\/media?parent=63646"}],"wp:term":[{"taxonomy":"product_brand","embeddable":true,"href":"https:\/\/www.cepiscopal.org\/online\/wp-json\/wp\/v2\/product_brand?post=63646"},{"taxonomy":"product_cat","embeddable":true,"href":"https:\/\/www.cepiscopal.org\/online\/wp-json\/wp\/v2\/product_cat?post=63646"},{"taxonomy":"product_tag","embeddable":true,"href":"https:\/\/www.cepiscopal.org\/online\/wp-json\/wp\/v2\/product_tag?post=63646"}],"curies":[{"name":"wp","href":"https:\/\/api.w.org\/{rel}","templated":true}]}}