{"id":64402,"date":"2025-09-12T13:09:01","date_gmt":"2025-09-12T11:09:01","guid":{"rendered":"https:\/\/www.cepiscopal.org\/online\/?post_type=product&#038;p=64402"},"modified":"2026-03-12T11:38:08","modified_gmt":"2026-03-12T09:38:08","slug":"abonament-c-marc-juny-2026","status":"publish","type":"product","link":"https:\/\/www.cepiscopal.org\/online\/producte\/abonament-c-marc-juny-2026\/","title":{"rendered":"Abonament C (mar\u00e7-juny 2026)"},"content":{"rendered":"<p>Abonament\u00a0 anual v\u00e0lid per al per\u00edode de mar\u00e7 a juny de bany lliure a la piscina. Es podr\u00e0 recollir a la recepci\u00f3 de la piscina un cop s&#8217;hagi formalitzat la inscripci\u00f3.<\/p>\n","protected":false},"excerpt":{"rendered":"<p>Abonament\u00a0 anual v\u00e0lid per al per\u00edode de mar\u00e7 a juny de bany lliure a la piscina. Es podr\u00e0 recollir a la recepci\u00f3 de la piscina un cop s&#8217;hagi formalitzat la inscripci\u00f3.<\/p>\n","protected":false},"featured_media":60930,"template":"","meta":[],"product_brand":[],"product_cat":[150,161,130],"product_tag":[],"class_list":{"0":"post-64402","1":"product","2":"type-product","3":"status-publish","4":"has-post-thumbnail","6":"product_cat-08-sessions-de-bany-lliure-1t-2025-2026","7":"product_cat-activitats-piscina","8":"product_cat-programa-dactivitats-de-piscina-1t-2025-2026","10":"first","11":"instock","12":"downloadable","13":"virtual","14":"sold-individually","15":"purchasable","16":"product-type-simple"},"_links":{"self":[{"href":"https:\/\/www.cepiscopal.org\/online\/wp-json\/wp\/v2\/product\/64402","targetHints":{"allow":["GET"]}}],"collection":[{"href":"https:\/\/www.cepiscopal.org\/online\/wp-json\/wp\/v2\/product"}],"about":[{"href":"https:\/\/www.cepiscopal.org\/online\/wp-json\/wp\/v2\/types\/product"}],"wp:featuredmedia":[{"embeddable":true,"href":"https:\/\/www.cepiscopal.org\/online\/wp-json\/wp\/v2\/media\/60930"}],"wp:attachment":[{"href":"https:\/\/www.cepiscopal.org\/online\/wp-json\/wp\/v2\/media?parent=64402"}],"wp:term":[{"taxonomy":"product_brand","embeddable":true,"href":"https:\/\/www.cepiscopal.org\/online\/wp-json\/wp\/v2\/product_brand?post=64402"},{"taxonomy":"product_cat","embeddable":true,"href":"https:\/\/www.cepiscopal.org\/online\/wp-json\/wp\/v2\/product_cat?post=64402"},{"taxonomy":"product_tag","embeddable":true,"href":"https:\/\/www.cepiscopal.org\/online\/wp-json\/wp\/v2\/product_tag?post=64402"}],"curies":[{"name":"wp","href":"https:\/\/api.w.org\/{rel}","templated":true}]}}