{"id":64418,"date":"2025-09-12T14:50:18","date_gmt":"2025-09-12T12:50:18","guid":{"rendered":"https:\/\/www.cepiscopal.org\/online\/?post_type=product&#038;p=64418"},"modified":"2026-01-08T17:51:39","modified_gmt":"2026-01-08T15:51:39","slug":"abonament-b-gener-2026-juny-2026","status":"publish","type":"product","link":"https:\/\/www.cepiscopal.org\/online\/producte\/abonament-b-gener-2026-juny-2026\/","title":{"rendered":"Abonament B (gener 2026-juny 2026)"},"content":{"rendered":"<p>Abonament\u00a0 anual v\u00e0lid per al per\u00edode de gener a juny de bany lliure a la piscina. Es podr\u00e0 recollir a la recepci\u00f3 de la piscina un cop s&#8217;hagi formalitzat la inscripci\u00f3.<\/p>\n","protected":false},"excerpt":{"rendered":"<p>Abonament\u00a0 anual v\u00e0lid per al per\u00edode de gener a juny de bany lliure a la piscina. Es podr\u00e0 recollir a la recepci\u00f3 de la piscina un cop s&#8217;hagi formalitzat la inscripci\u00f3.<\/p>\n","protected":false},"featured_media":60930,"template":"","meta":[],"product_brand":[],"product_cat":[101,150,161,90,130],"product_tag":[],"class_list":{"0":"post-64418","1":"product","2":"type-product","3":"status-publish","4":"has-post-thumbnail","6":"product_cat-08-sessions-de-bany-lliure-1t-2024-2025","7":"product_cat-08-sessions-de-bany-lliure-1t-2025-2026","8":"product_cat-activitats-piscina","9":"product_cat-programa-dactivitats-de-piscina-1t-2024-2025","10":"product_cat-programa-dactivitats-de-piscina-1t-2025-2026","12":"first","13":"instock","14":"downloadable","15":"virtual","16":"sold-individually","17":"purchasable","18":"product-type-simple"},"_links":{"self":[{"href":"https:\/\/www.cepiscopal.org\/online\/wp-json\/wp\/v2\/product\/64418","targetHints":{"allow":["GET"]}}],"collection":[{"href":"https:\/\/www.cepiscopal.org\/online\/wp-json\/wp\/v2\/product"}],"about":[{"href":"https:\/\/www.cepiscopal.org\/online\/wp-json\/wp\/v2\/types\/product"}],"wp:featuredmedia":[{"embeddable":true,"href":"https:\/\/www.cepiscopal.org\/online\/wp-json\/wp\/v2\/media\/60930"}],"wp:attachment":[{"href":"https:\/\/www.cepiscopal.org\/online\/wp-json\/wp\/v2\/media?parent=64418"}],"wp:term":[{"taxonomy":"product_brand","embeddable":true,"href":"https:\/\/www.cepiscopal.org\/online\/wp-json\/wp\/v2\/product_brand?post=64418"},{"taxonomy":"product_cat","embeddable":true,"href":"https:\/\/www.cepiscopal.org\/online\/wp-json\/wp\/v2\/product_cat?post=64418"},{"taxonomy":"product_tag","embeddable":true,"href":"https:\/\/www.cepiscopal.org\/online\/wp-json\/wp\/v2\/product_tag?post=64418"}],"curies":[{"name":"wp","href":"https:\/\/api.w.org\/{rel}","templated":true}]}}