{"id":65050,"date":"2025-12-05T13:11:39","date_gmt":"2025-12-05T11:11:39","guid":{"rendered":"https:\/\/www.cepiscopal.org\/online\/?post_type=product&#038;p=65050"},"modified":"2026-01-09T12:53:17","modified_gmt":"2026-01-09T10:53:17","slug":"zumba-1-9","status":"publish","type":"product","link":"https:\/\/www.cepiscopal.org\/online\/producte\/zumba-1-9\/","title":{"rendered":"Zumba 1"},"content":{"rendered":"<p>Activitat espec\u00edfica on es realitzen exercicis de tonificaci\u00f3 de glutis, abdominals i cames. Es pot aconseguir tamb\u00e9 amb moviments de ball.<\/p>\n","protected":false},"excerpt":{"rendered":"<p>Dimecres, de 16.00 h a 16.50 h.<\/p>\n","protected":false},"featured_media":62267,"template":"","meta":[],"product_brand":[],"product_cat":[160,161],"product_tag":[],"class_list":{"0":"post-65050","1":"product","2":"type-product","3":"status-publish","4":"has-post-thumbnail","6":"product_cat-02-gac--zumba-2t-2025-2026","7":"product_cat-activitats-piscina","9":"first","10":"outofstock","11":"downloadable","12":"virtual","13":"sold-individually","14":"purchasable","15":"product-type-simple"},"_links":{"self":[{"href":"https:\/\/www.cepiscopal.org\/online\/wp-json\/wp\/v2\/product\/65050","targetHints":{"allow":["GET"]}}],"collection":[{"href":"https:\/\/www.cepiscopal.org\/online\/wp-json\/wp\/v2\/product"}],"about":[{"href":"https:\/\/www.cepiscopal.org\/online\/wp-json\/wp\/v2\/types\/product"}],"wp:featuredmedia":[{"embeddable":true,"href":"https:\/\/www.cepiscopal.org\/online\/wp-json\/wp\/v2\/media\/62267"}],"wp:attachment":[{"href":"https:\/\/www.cepiscopal.org\/online\/wp-json\/wp\/v2\/media?parent=65050"}],"wp:term":[{"taxonomy":"product_brand","embeddable":true,"href":"https:\/\/www.cepiscopal.org\/online\/wp-json\/wp\/v2\/product_brand?post=65050"},{"taxonomy":"product_cat","embeddable":true,"href":"https:\/\/www.cepiscopal.org\/online\/wp-json\/wp\/v2\/product_cat?post=65050"},{"taxonomy":"product_tag","embeddable":true,"href":"https:\/\/www.cepiscopal.org\/online\/wp-json\/wp\/v2\/product_tag?post=65050"}],"curies":[{"name":"wp","href":"https:\/\/api.w.org\/{rel}","templated":true}]}}