{"id":65706,"date":"2026-03-10T11:29:47","date_gmt":"2026-03-10T09:29:47","guid":{"rendered":"https:\/\/www.cepiscopal.org\/online\/?post_type=product&#038;p=65706"},"modified":"2026-03-23T23:26:24","modified_gmt":"2026-03-23T21:26:24","slug":"pilates-%c2%b7-esquena-sana-1-10","status":"publish","type":"product","link":"https:\/\/www.cepiscopal.org\/online\/producte\/pilates-%c2%b7-esquena-sana-1-10\/","title":{"rendered":"Pilates \u00b7 Esquena sana 1"},"content":{"rendered":"<p>Activitat de condicionament f\u00edsic sense impacte articular, basat en moviments que mantenen una connexi\u00f3 constant entre la ment i el cos. Millora la forma f\u00edsica, incrementa la flexibilitat i corregeix les males postures.<\/p>\n","protected":false},"excerpt":{"rendered":"<p>Dimarts, de 16.00 h a 16.50 h.<\/p>\n","protected":false},"featured_media":64363,"template":"","meta":[],"product_brand":[],"product_cat":[169,161,163],"product_tag":[],"class_list":{"0":"post-65706","1":"product","2":"type-product","3":"status-publish","4":"has-post-thumbnail","6":"product_cat-01-pilates--esquena-sana-3t-2025-2026","7":"product_cat-activitats-piscina","8":"product_cat-programa-dactivitats-de-sala-3t-2025-2026","10":"first","11":"instock","12":"downloadable","13":"virtual","14":"sold-individually","15":"purchasable","16":"product-type-simple"},"_links":{"self":[{"href":"https:\/\/www.cepiscopal.org\/online\/wp-json\/wp\/v2\/product\/65706","targetHints":{"allow":["GET"]}}],"collection":[{"href":"https:\/\/www.cepiscopal.org\/online\/wp-json\/wp\/v2\/product"}],"about":[{"href":"https:\/\/www.cepiscopal.org\/online\/wp-json\/wp\/v2\/types\/product"}],"wp:featuredmedia":[{"embeddable":true,"href":"https:\/\/www.cepiscopal.org\/online\/wp-json\/wp\/v2\/media\/64363"}],"wp:attachment":[{"href":"https:\/\/www.cepiscopal.org\/online\/wp-json\/wp\/v2\/media?parent=65706"}],"wp:term":[{"taxonomy":"product_brand","embeddable":true,"href":"https:\/\/www.cepiscopal.org\/online\/wp-json\/wp\/v2\/product_brand?post=65706"},{"taxonomy":"product_cat","embeddable":true,"href":"https:\/\/www.cepiscopal.org\/online\/wp-json\/wp\/v2\/product_cat?post=65706"},{"taxonomy":"product_tag","embeddable":true,"href":"https:\/\/www.cepiscopal.org\/online\/wp-json\/wp\/v2\/product_tag?post=65706"}],"curies":[{"name":"wp","href":"https:\/\/api.w.org\/{rel}","templated":true}]}}