{"id":65707,"date":"2026-03-10T11:29:48","date_gmt":"2026-03-10T09:29:48","guid":{"rendered":"https:\/\/www.cepiscopal.org\/online\/?post_type=product&#038;p=65707"},"modified":"2026-04-17T18:52:36","modified_gmt":"2026-04-17T16:52:36","slug":"pilates-%c2%b7-esquena-sana-2-11","status":"publish","type":"product","link":"https:\/\/www.cepiscopal.org\/online\/producte\/pilates-%c2%b7-esquena-sana-2-11\/","title":{"rendered":"Pilates \u00b7 Esquena sana 2"},"content":{"rendered":"<p>Activitat de condicionament f\u00edsic sense impacte articular, basat en moviments que mantenen una connexi\u00f3 constant entre la ment i el cos. Millora la forma f\u00edsica, incrementa la flexibilitat i corregeix les males postures.<\/p>\n","protected":false},"excerpt":{"rendered":"<p>Divendres, de 9.00 h a 9.50 h.<\/p>\n","protected":false},"featured_media":64363,"template":"","meta":[],"product_brand":[],"product_cat":[169,161,163],"product_tag":[],"class_list":{"0":"post-65707","1":"product","2":"type-product","3":"status-publish","4":"has-post-thumbnail","6":"product_cat-01-pilates--esquena-sana-3t-2025-2026","7":"product_cat-activitats-piscina","8":"product_cat-programa-dactivitats-de-sala-3t-2025-2026","10":"first","11":"instock","12":"downloadable","13":"virtual","14":"sold-individually","15":"purchasable","16":"product-type-simple"},"_links":{"self":[{"href":"https:\/\/www.cepiscopal.org\/online\/wp-json\/wp\/v2\/product\/65707","targetHints":{"allow":["GET"]}}],"collection":[{"href":"https:\/\/www.cepiscopal.org\/online\/wp-json\/wp\/v2\/product"}],"about":[{"href":"https:\/\/www.cepiscopal.org\/online\/wp-json\/wp\/v2\/types\/product"}],"wp:featuredmedia":[{"embeddable":true,"href":"https:\/\/www.cepiscopal.org\/online\/wp-json\/wp\/v2\/media\/64363"}],"wp:attachment":[{"href":"https:\/\/www.cepiscopal.org\/online\/wp-json\/wp\/v2\/media?parent=65707"}],"wp:term":[{"taxonomy":"product_brand","embeddable":true,"href":"https:\/\/www.cepiscopal.org\/online\/wp-json\/wp\/v2\/product_brand?post=65707"},{"taxonomy":"product_cat","embeddable":true,"href":"https:\/\/www.cepiscopal.org\/online\/wp-json\/wp\/v2\/product_cat?post=65707"},{"taxonomy":"product_tag","embeddable":true,"href":"https:\/\/www.cepiscopal.org\/online\/wp-json\/wp\/v2\/product_tag?post=65707"}],"curies":[{"name":"wp","href":"https:\/\/api.w.org\/{rel}","templated":true}]}}